{"id":16,"date":"2025-10-19T15:57:15","date_gmt":"2025-10-19T15:57:15","guid":{"rendered":"http:\/\/jeff-framarin.fr\/?page_id=16"},"modified":"2025-10-21T15:07:17","modified_gmt":"2025-10-21T15:07:17","slug":"faq","status":"publish","type":"page","link":"https:\/\/jeff-framarin.fr\/index.php\/faq\/","title":{"rendered":"FAQ"},"content":{"rendered":"\n<figure class=\"wp-block-image size-large\"><img loading=\"lazy\" decoding=\"async\" width=\"1024\" height=\"512\" src=\"https:\/\/jeff-framarin.fr\/wp-content\/uploads\/2025\/10\/site-top-7-1024x512.jpg\" alt=\"\" class=\"wp-image-769\" srcset=\"https:\/\/jeff-framarin.fr\/wp-content\/uploads\/2025\/10\/site-top-7-1024x512.jpg 1024w, https:\/\/jeff-framarin.fr\/wp-content\/uploads\/2025\/10\/site-top-7-300x150.jpg 300w, https:\/\/jeff-framarin.fr\/wp-content\/uploads\/2025\/10\/site-top-7-768x384.jpg 768w, https:\/\/jeff-framarin.fr\/wp-content\/uploads\/2025\/10\/site-top-7-1536x768.jpg 1536w, https:\/\/jeff-framarin.fr\/wp-content\/uploads\/2025\/10\/site-top-7.jpg 1920w\" sizes=\"auto, (max-width: 1024px) 100vw, 1024px\" \/><\/figure>\n\n\n<style>#sp-ea-309 .spcollapsing { height: 0; overflow: hidden; transition-property: height;transition-duration: 300ms;}#sp-ea-309.sp-easy-accordion>.sp-ea-single {margin-bottom: 10px; border: 1px solid #e2e2e2; }#sp-ea-309.sp-easy-accordion>.sp-ea-single>.ea-header a {color: #eeee22;}#sp-ea-309.sp-easy-accordion>.sp-ea-single>.sp-collapse>.ea-body {background: rgba(0,0,0,0.33); color: #ffffff;}#sp-ea-309.sp-easy-accordion>.sp-ea-single {background: #141414;}#sp-ea-309.sp-easy-accordion>.sp-ea-single>.ea-header a .ea-expand-icon { float: left; color: #444;font-size: 16px;}<\/style><div id=\"sp_easy_accordion-1759694924\"><div id=\"sp-ea-309\" class=\"sp-ea-one sp-easy-accordion\" data-ea-active=\"ea-click\" data-ea-mode=\"vertical\" data-preloader=\"\" data-scroll-active-item=\"\" data-offset-to-scroll=\"0\"><div class=\"ea-card ea-expand sp-ea-single\"><h3 class=\"ea-header\"><a class=\"collapsed\" id=\"ea-header-3090\" role=\"button\" data-sptoggle=\"spcollapse\" data-sptarget=\"#collapse3090\" aria-controls=\"collapse3090\" href=\"#\" aria-expanded=\"true\" tabindex=\"0\"><i aria-hidden=\"true\" role=\"presentation\" class=\"ea-expand-icon eap-icon-ea-expand-minus\"><\/i> 1) Quelle diff\u00e9rence entre un r\u00e9dacteur web et un copywriter expert SEO freelance ?<\/a><\/h3><div class=\"sp-collapse spcollapse collapsed show\" id=\"collapse3090\" data-parent=\"#sp-ea-309\" role=\"region\" aria-labelledby=\"ea-header-3090\"> <div class=\"ea-body\"><p>Un r\u00e9dacteur web produit du contenu informatif.<br \/>Un <strong>copywriter expert SEO freelance<\/strong> con\u00e7oit des textes qui <strong>attirent via Google<\/strong> (SEO) et <strong>convertissent<\/strong> (copywriting).<br \/>En clair : mes textes ne se contentent pas d\u2019exister, ils doivent <strong>ramener du trafic et g\u00e9n\u00e9rer des ventes<\/strong>.<\/p><\/div><\/div><\/div><div class=\"ea-card sp-ea-single\"><h3 class=\"ea-header\"><a class=\"collapsed\" id=\"ea-header-3091\" role=\"button\" data-sptoggle=\"spcollapse\" data-sptarget=\"#collapse3091\" aria-controls=\"collapse3091\" href=\"#\" aria-expanded=\"false\" tabindex=\"0\"><i aria-hidden=\"true\" role=\"presentation\" class=\"ea-expand-icon eap-icon-ea-expand-plus\"><\/i> 2) Pourquoi payer un copywriter alors que je peux \u00e9crire moi-m\u00eame ?<\/a><\/h3><div class=\"sp-collapse spcollapse \" id=\"collapse3091\" data-parent=\"#sp-ea-309\" role=\"region\" aria-labelledby=\"ea-header-3091\"> <div class=\"ea-body\"><p>\u00c9crire est simple.<br \/>\u00c9crire pour <strong>convaincre, s\u00e9duire Google et d\u00e9clencher une action<\/strong> demande une expertise en <strong>r\u00e9daction persuasive<\/strong> et en <strong>r\u00e9daction web optimis\u00e9e Google<\/strong>.<br \/>Un texte mal structur\u00e9 ou mal optimis\u00e9 co\u00fbte plus cher : il ne convertit pas et dispara\u00eet dans la masse.<\/p><\/div><\/div><\/div><div class=\"ea-card sp-ea-single\"><h3 class=\"ea-header\"><a class=\"collapsed\" id=\"ea-header-3092\" role=\"button\" data-sptoggle=\"spcollapse\" data-sptarget=\"#collapse3092\" aria-controls=\"collapse3092\" href=\"#\" aria-expanded=\"false\" tabindex=\"0\"><i aria-hidden=\"true\" role=\"presentation\" class=\"ea-expand-icon eap-icon-ea-expand-plus\"><\/i> 3) Pourquoi vos tarifs sont-ils plus \u00e9lev\u00e9s que ceux d\u2019un r\u00e9dacteur classique ?<\/a><\/h3><div class=\"sp-collapse spcollapse \" id=\"collapse3092\" data-parent=\"#sp-ea-309\" role=\"region\" aria-labelledby=\"ea-header-3092\"> <div class=\"ea-body\"><p>Parce que je ne vends pas du nombre de mots, mais du <strong>r\u00e9sultat<\/strong>.<br \/>Chaque texte suit une m\u00e9thode stricte (PRES + 307 crit\u00e8res), int\u00e8gre <strong>psychologie, SEO et strat\u00e9gie de contenu SEO<\/strong>.<br \/>C\u2019est un investissement : 1 texte bien calibr\u00e9 peut rapporter plus qu\u2019une dizaine de contenus g\u00e9n\u00e9riques.<\/p><\/div><\/div><\/div><div class=\"ea-card sp-ea-single\"><h3 class=\"ea-header\"><a class=\"collapsed\" id=\"ea-header-3093\" role=\"button\" data-sptoggle=\"spcollapse\" data-sptarget=\"#collapse3093\" aria-controls=\"collapse3093\" href=\"#\" aria-expanded=\"false\" tabindex=\"0\"><i aria-hidden=\"true\" role=\"presentation\" class=\"ea-expand-icon eap-icon-ea-expand-plus\"><\/i> 4) Comment \u00eatre s\u00fbr que vos textes vont vraiment g\u00e9n\u00e9rer des r\u00e9sultats ?<\/a><\/h3><div class=\"sp-collapse spcollapse \" id=\"collapse3093\" data-parent=\"#sp-ea-309\" role=\"region\" aria-labelledby=\"ea-header-3093\"> <div class=\"ea-body\"><p><\/p><p>Rien n\u2019est laiss\u00e9 au hasard :<\/p><p> <\/p><ul class=\"wp-block-list\"><\/p><li>Structure PRES (Probl\u00e8me, R\u00e9sonance, \u00c9vidence, Solution).<\/li><p> <\/p><li>Optimisation SEO compl\u00e8te (intent, maillage, entit\u00e9s, schema).<\/li><p> <\/p><li>Tests et relectures sur 307 crit\u00e8res qualit\u00e9.<br \/>Et surtout : <strong>ma garantie gagnant-gagnant<\/strong> \u2192 si pas de r\u00e9sultats visibles sous 30 jours, je r\u00e9\u00e9cris gratuitement (sur preuve).<\/li><p><\/ul><p><\/p><\/div><\/div><\/div><div class=\"ea-card sp-ea-single\"><h3 class=\"ea-header\"><a class=\"collapsed\" id=\"ea-header-3094\" role=\"button\" data-sptoggle=\"spcollapse\" data-sptarget=\"#collapse3094\" aria-controls=\"collapse3094\" href=\"#\" aria-expanded=\"false\" tabindex=\"0\"><i aria-hidden=\"true\" role=\"presentation\" class=\"ea-expand-icon eap-icon-ea-expand-plus\"><\/i> 5) Que se passe-t-il si je n\u2019ai pas de r\u00e9sultats ?<\/a><\/h3><div class=\"sp-collapse spcollapse \" id=\"collapse3094\" data-parent=\"#sp-ea-309\" role=\"region\" aria-labelledby=\"ea-header-3094\"> <div class=\"ea-body\"><p>Vous activez ma <strong>garantie 30 jours<\/strong>.<br \/>Sur preuve d\u2019absence de r\u00e9sultats visibles (clics, conversions ou retours clients), je r\u00e9\u00e9cris sans frais.<\/p><\/div><\/div><\/div><div class=\"ea-card sp-ea-single\"><h3 class=\"ea-header\"><a class=\"collapsed\" id=\"ea-header-3095\" role=\"button\" data-sptoggle=\"spcollapse\" data-sptarget=\"#collapse3095\" aria-controls=\"collapse3095\" href=\"#\" aria-expanded=\"false\" tabindex=\"0\"><i aria-hidden=\"true\" role=\"presentation\" class=\"ea-expand-icon eap-icon-ea-expand-plus\"><\/i> 6) En combien de temps puis-je esp\u00e9rer voir des effets concrets ?<\/a><\/h3><div class=\"sp-collapse spcollapse \" id=\"collapse3095\" data-parent=\"#sp-ea-309\" role=\"region\" aria-labelledby=\"ea-header-3095\"> <div class=\"ea-body\"><p><\/p><ul class=\"wp-block-list\"><\/p><li><strong>SEO<\/strong> \u2192 entre quelques semaines et 3 mois (selon concurrence).<\/li><p> <\/p><li><strong>Conversion<\/strong> (pages de vente optimis\u00e9es SEO, emails, fiches produits) \u2192 r\u00e9sultats visibles d\u00e8s la mise en ligne.<\/li><p><\/ul><p><\/p><\/div><\/div><\/div><div class=\"ea-card sp-ea-single\"><h3 class=\"ea-header\"><a class=\"collapsed\" id=\"ea-header-3096\" role=\"button\" data-sptoggle=\"spcollapse\" data-sptarget=\"#collapse3096\" aria-controls=\"collapse3096\" href=\"#\" aria-expanded=\"false\" tabindex=\"0\"><i aria-hidden=\"true\" role=\"presentation\" class=\"ea-expand-icon eap-icon-ea-expand-plus\"><\/i> 7)Comment se d\u00e9roule la collaboration, \u00e9tape par \u00e9tape ?<\/a><\/h3><div class=\"sp-collapse spcollapse \" id=\"collapse3096\" data-parent=\"#sp-ea-309\" role=\"region\" aria-labelledby=\"ea-header-3096\"> <div class=\"ea-body\"><p><\/p><ol class=\"wp-block-list\"><\/p><li><strong>Audit<\/strong> : analyse de vos objectifs, audience et supports (un v\u00e9ritable <strong>audit de contenu SEO<\/strong>).<\/li><p> <\/p><li><strong>Prototype<\/strong> : angles, structure, CTA.<\/li><p> <\/p><li><strong>R\u00e9daction<\/strong> : m\u00e9thode PRES + 307 crit\u00e8res.<\/li><p> <\/p><li><strong>Optimisation SEO<\/strong> : balises, maillage, entit\u00e9s.<\/li><p> <\/p><li><strong>Livraison pr\u00eate \u00e0 publier<\/strong> + checklist d\u2019utilisation.<\/li><p><\/ol><p><\/p><\/div><\/div><\/div><div class=\"ea-card sp-ea-single\"><h3 class=\"ea-header\"><a class=\"collapsed\" id=\"ea-header-3097\" role=\"button\" data-sptoggle=\"spcollapse\" data-sptarget=\"#collapse3097\" aria-controls=\"collapse3097\" href=\"#\" aria-expanded=\"false\" tabindex=\"0\"><i aria-hidden=\"true\" role=\"presentation\" class=\"ea-expand-icon eap-icon-ea-expand-plus\"><\/i> 8) Est-ce que je peux commander un seul texte ou tester avant d\u2019aller plus loin ?<\/a><\/h3><div class=\"sp-collapse spcollapse \" id=\"collapse3097\" data-parent=\"#sp-ea-309\" role=\"region\" aria-labelledby=\"ea-header-3097\"> <div class=\"ea-body\"><p>Oui. Vous pouvez commander un <strong>audit seul<\/strong> ou un <strong>texte unique<\/strong> (pack ARC).<br \/>Si le besoin est r\u00e9current, on passe ensuite au pack ARCA (avec suivi dans le temps).<\/p><\/div><\/div><\/div><div class=\"ea-card sp-ea-single\"><h3 class=\"ea-header\"><a class=\"collapsed\" id=\"ea-header-3098\" role=\"button\" data-sptoggle=\"spcollapse\" data-sptarget=\"#collapse3098\" aria-controls=\"collapse3098\" href=\"#\" aria-expanded=\"false\" tabindex=\"0\"><i aria-hidden=\"true\" role=\"presentation\" class=\"ea-expand-icon eap-icon-ea-expand-plus\"><\/i> 9) Travaillez-vous sur mon CMS (WordPress, Shopify, Webflow, etc.) ?<\/a><\/h3><div class=\"sp-collapse spcollapse \" id=\"collapse3098\" data-parent=\"#sp-ea-309\" role=\"region\" aria-labelledby=\"ea-header-3098\"> <div class=\"ea-body\"><p>Oui. J\u2019int\u00e8gre vos textes sur les principaux CMS.<br \/>Optionnel : accompagnement technique (balises, maillage interne, FAQ schema).<\/p><\/div><\/div><\/div><div class=\"ea-card sp-ea-single\"><h3 class=\"ea-header\"><a class=\"collapsed\" id=\"ea-header-3099\" role=\"button\" data-sptoggle=\"spcollapse\" data-sptarget=\"#collapse3099\" aria-controls=\"collapse3099\" href=\"#\" aria-expanded=\"false\" tabindex=\"0\"><i aria-hidden=\"true\" role=\"presentation\" class=\"ea-expand-icon eap-icon-ea-expand-plus\"><\/i> 10) Est-ce que vous faites aussi la recherche de mots-cl\u00e9s et l\u2019optimisation SEO ?<\/a><\/h3><div class=\"sp-collapse spcollapse \" id=\"collapse3099\" data-parent=\"#sp-ea-309\" role=\"region\" aria-labelledby=\"ea-header-3099\"> <div class=\"ea-body\"><p>Oui, syst\u00e9matiquement.<br \/>Je ne travaille jamais \u201cdans le vide\u201d. Chaque texte est pens\u00e9 pour l\u2019<strong>intention de recherche<\/strong> et optimis\u00e9 pour Google <strong>et<\/strong> vos lecteurs.<br \/>C\u2019est ce qui rend ma prestation diff\u00e9rente d\u2019une simple <strong>r\u00e9daction web<\/strong> : j\u2019allie <strong>SEO et copywriting orient\u00e9 conversion<\/strong>.<\/p><\/div><\/div><\/div><div class=\"ea-card sp-ea-single\"><h3 class=\"ea-header\"><a class=\"collapsed\" id=\"ea-header-30910\" role=\"button\" data-sptoggle=\"spcollapse\" data-sptarget=\"#collapse30910\" aria-controls=\"collapse30910\" href=\"#\" aria-expanded=\"false\" tabindex=\"0\"><i aria-hidden=\"true\" role=\"presentation\" class=\"ea-expand-icon eap-icon-ea-expand-plus\"><\/i> 11) Avez-vous d\u00e9j\u00e0 travaill\u00e9 pour des entreprises comme la mienne \/ dans mon secteur ?<\/a><\/h3><div class=\"sp-collapse spcollapse \" id=\"collapse30910\" data-parent=\"#sp-ea-309\" role=\"region\" aria-labelledby=\"ea-header-30910\"> <div class=\"ea-body\"><p>J\u2019interviens pour des <strong>artisans, PME, SaaS, e-commerce et services pros<\/strong>.<br \/>Chaque secteur a ses codes, mais les leviers de persuasion et de SEO sont universels : <strong>je les adapte \u00e0 votre audience<\/strong>.<\/p><\/div><\/div><\/div><div class=\"ea-card sp-ea-single\"><h3 class=\"ea-header\"><a class=\"collapsed\" id=\"ea-header-30911\" role=\"button\" data-sptoggle=\"spcollapse\" data-sptarget=\"#collapse30911\" aria-controls=\"collapse30911\" href=\"#\" aria-expanded=\"false\" tabindex=\"0\"><i aria-hidden=\"true\" role=\"presentation\" class=\"ea-expand-icon eap-icon-ea-expand-plus\"><\/i> 12) Est-ce que vous garantissez la confidentialit\u00e9 et signez des NDA si besoin ?<\/a><\/h3><div class=\"sp-collapse spcollapse \" id=\"collapse30911\" data-parent=\"#sp-ea-309\" role=\"region\" aria-labelledby=\"ea-header-30911\"> <div class=\"ea-body\"><p>Oui. Confidentialit\u00e9 totale par d\u00e9faut.<br \/>Je peux signer un <strong>NDA<\/strong> ou tout autre document de non-divulgation si vous le souhaitez.<\/p><\/div><\/div><\/div><\/div><\/div>\n\n\n\n<p><\/p>\n","protected":false},"excerpt":{"rendered":"","protected":false},"author":1,"featured_media":0,"parent":0,"menu_order":0,"comment_status":"closed","ping_status":"closed","template":"","meta":{"_kad_post_transparent":"","_kad_post_title":"","_kad_post_layout":"","_kad_post_sidebar_id":"","_kad_post_content_style":"","_kad_post_vertical_padding":"","_kad_post_feature":"","_kad_post_feature_position":"","_kad_post_header":false,"_kad_post_footer":false,"footnotes":""},"class_list":["post-16","page","type-page","status-publish","hentry"],"_links":{"self":[{"href":"https:\/\/jeff-framarin.fr\/index.php\/wp-json\/wp\/v2\/pages\/16","targetHints":{"allow":["GET"]}}],"collection":[{"href":"https:\/\/jeff-framarin.fr\/index.php\/wp-json\/wp\/v2\/pages"}],"about":[{"href":"https:\/\/jeff-framarin.fr\/index.php\/wp-json\/wp\/v2\/types\/page"}],"author":[{"embeddable":true,"href":"https:\/\/jeff-framarin.fr\/index.php\/wp-json\/wp\/v2\/users\/1"}],"replies":[{"embeddable":true,"href":"https:\/\/jeff-framarin.fr\/index.php\/wp-json\/wp\/v2\/comments?post=16"}],"version-history":[{"count":10,"href":"https:\/\/jeff-framarin.fr\/index.php\/wp-json\/wp\/v2\/pages\/16\/revisions"}],"predecessor-version":[{"id":770,"href":"https:\/\/jeff-framarin.fr\/index.php\/wp-json\/wp\/v2\/pages\/16\/revisions\/770"}],"wp:attachment":[{"href":"https:\/\/jeff-framarin.fr\/index.php\/wp-json\/wp\/v2\/media?parent=16"}],"curies":[{"name":"wp","href":"https:\/\/api.w.org\/{rel}","templated":true}]}}