{"id":48,"date":"2025-10-23T14:24:12","date_gmt":"2025-10-23T14:24:12","guid":{"rendered":"http:\/\/jeff-framarin.fr\/?page_id=48"},"modified":"2025-10-23T14:47:40","modified_gmt":"2025-10-23T14:47:40","slug":"politique-de-confidentialite","status":"publish","type":"page","link":"https:\/\/jeff-framarin.fr\/index.php\/politique-de-confidentialite\/","title":{"rendered":"Politique de confidentialit\u00e9"},"content":{"rendered":"\n<p><\/p>\n\n\n\n<p><\/p>\n\n\n\n<p><\/p>\n\n\n\n<p><\/p>\n\n\n\n<p><\/p>\n\n\n\n<p><\/p>\n\n\n\n<p><\/p>\n\n\n\n<p><\/p>\n\n\n\n<p><\/p>\n\n\n\n<p><\/p>\n\n\n\n<p><\/p>\n\n\n\n<p><\/p>\n\n\n\n<p><\/p>\n\n\n\n<p><\/p>\n\n\n\n<p><\/p>\n\n\n\n<p><\/p>\n\n\n\n<p><\/p>\n\n\n\n<p class=\"has-theme-palette-9-color has-text-color has-link-color wp-elements-999c89fd0b6a75e86918396aac337655\" style=\"font-size:24px\">La protection de vos donn\u00e9es personnelles est essentielle.<br>En tant que <strong>copywriter expert SEO freelance<\/strong>, je m\u2019engage \u00e0 ce que les informations que vous me confiez soient utilis\u00e9es avec transparence et respect.<\/p>\n\n\n\n<h2 class=\"wp-block-heading has-theme-palette-9-color has-text-color has-link-color wp-elements-4229a4cd27e4c588ff3bf9bbb3f7eae4\" style=\"font-size:30px\">1. Responsable du traitement<\/h2>\n\n\n\n<p class=\"has-theme-palette-9-color has-text-color has-link-color wp-elements-c4c7e2ea4d925177a232b9f28ba567ea\" style=\"font-size:24px\">Le responsable du traitement des donn\u00e9es est :<br><strong>Jeff \u2014 Copywriter Expert SEO<\/strong><br>SASU au capital de 1000 \u20ac<br>Si\u00e8ge social : 138 rue Xaiako bidea, 64480 Ustaritz<br>Email : <a>contact@jeff-framarin.com<\/a><\/p>\n\n\n\n<h2 class=\"wp-block-heading has-theme-palette-9-color has-text-color has-link-color wp-elements-4f2198f244af2efdc6a0f3c48522baeb\" style=\"font-size:30px\">2. Donn\u00e9es collect\u00e9es<\/h2>\n\n\n\n<p class=\"has-theme-palette-9-color has-text-color has-link-color wp-elements-d67bfd6a4a1ff6480e7d0c3b7ed2645a\" style=\"font-size:24px\">Les informations personnelles collect\u00e9es via ce site sont limit\u00e9es au strict n\u00e9cessaire :<\/p>\n\n\n\n<ul class=\"wp-block-list\">\n<li class=\"has-theme-palette-9-color has-text-color has-link-color wp-elements-776aa73600e34ac3e62c70ba9ab48ee1\" style=\"font-size:24px\">Nom, pr\u00e9nom, email, t\u00e9l\u00e9phone (lors d\u2019une demande de devis ou de contact).<\/li>\n\n\n\n<li class=\"has-theme-palette-9-color has-text-color has-link-color wp-elements-a9966de90207e08bf13c08987c6bde65\" style=\"font-size:24px\">Donn\u00e9es de navigation (cookies, statistiques anonymes).<\/li>\n<\/ul>\n\n\n\n<p class=\"has-theme-palette-9-color has-text-color has-link-color wp-elements-6d9adb8aa41d31d9e8c0a8081cf94607\" style=\"font-size:24px\">Aucune donn\u00e9e sensible (sant\u00e9, origine, opinions, etc.) n\u2019est collect\u00e9e.<\/p>\n\n\n\n<h2 class=\"wp-block-heading has-theme-palette-9-color has-text-color has-link-color wp-elements-bc5555b6d5a1eb0ae13b3f738cc68c37\" style=\"font-size:30px\">3. Finalit\u00e9s du traitement<\/h2>\n\n\n\n<p class=\"has-theme-palette-9-color has-text-color has-link-color wp-elements-0524377a626ff27b901ca228d4c8252a\" style=\"font-size:24px\">Les donn\u00e9es collect\u00e9es servent uniquement \u00e0 :<\/p>\n\n\n\n<ul class=\"wp-block-list\">\n<li class=\"has-theme-palette-9-color has-text-color has-link-color wp-elements-3732ee3a3d5e0e659059eefe6f125b34\" style=\"font-size:24px\">R\u00e9pondre \u00e0 vos demandes de contact ou de devis.<\/li>\n\n\n\n<li class=\"has-theme-palette-9-color has-text-color has-link-color wp-elements-25f322b9239195d404a5e60b2d21dc70\" style=\"font-size:24px\">Suivre la relation client et assurer la prestation demand\u00e9e.<\/li>\n\n\n\n<li class=\"has-theme-palette-9-color has-text-color has-link-color wp-elements-31df8275a803a44760a304359fc7b2b4\" style=\"font-size:24px\">Am\u00e9liorer la navigation du site gr\u00e2ce aux cookies et statistiques anonymes.<\/li>\n<\/ul>\n\n\n\n<p class=\"has-theme-palette-9-color has-text-color has-link-color wp-elements-c9740ab55de6841df0d28a366fec9f14\" style=\"font-size:24px\">Vos donn\u00e9es ne sont jamais vendues ni c\u00e9d\u00e9es \u00e0 des tiers.<\/p>\n\n\n\n<h2 class=\"wp-block-heading has-theme-palette-9-color has-text-color has-link-color wp-elements-85e9a17beece283c135c1771b481d52d\" style=\"font-size:30px\">4. Base l\u00e9gale<\/h2>\n\n\n\n<p class=\"has-theme-palette-9-color has-text-color has-link-color wp-elements-7ecc5a678acdff4875977e7d0cc79c35\" style=\"font-size:24px\">Le traitement de vos donn\u00e9es repose sur :<\/p>\n\n\n\n<ul class=\"wp-block-list\">\n<li class=\"has-theme-palette-9-color has-text-color has-link-color wp-elements-2f1a8b6aadd08bf12cbe88965c79544c\" style=\"font-size:24px\"><strong>Votre consentement<\/strong> (formulaire de contact, cookies).<\/li>\n\n\n\n<li class=\"has-theme-palette-9-color has-text-color has-link-color wp-elements-e8a272694b79e0d21e4569a83eac43b4\" style=\"font-size:24px\"><strong>L\u2019int\u00e9r\u00eat l\u00e9gitime<\/strong> de r\u00e9pondre \u00e0 vos demandes et d\u2019assurer le suivi de vos projets.<\/li>\n<\/ul>\n\n\n\n<h2 class=\"wp-block-heading has-theme-palette-9-color has-text-color has-link-color wp-elements-ae9158acf9a1bbefd75a5af9391e8fea\" style=\"font-size:30px\">5. Dur\u00e9e de conservation<\/h2>\n\n\n\n<ul class=\"wp-block-list\">\n<li class=\"has-theme-palette-9-color has-text-color has-link-color wp-elements-372191c93d631ba507cc9151771bd3e2\" style=\"font-size:24px\">Donn\u00e9es de contact : 12 mois maximum apr\u00e8s le dernier \u00e9change.<\/li>\n\n\n\n<li class=\"has-theme-palette-9-color has-text-color has-link-color wp-elements-63634ada7a5e0b845e84b02286190e3a\" style=\"font-size:24px\">Donn\u00e9es li\u00e9es \u00e0 une mission : dur\u00e9e l\u00e9gale de conservation comptable.<\/li>\n\n\n\n<li class=\"has-theme-palette-9-color has-text-color has-link-color wp-elements-4ff1f2e1b45e1bd99ebff8a30de435b0\" style=\"font-size:24px\">Cookies : 13 mois maximum.<\/li>\n<\/ul>\n\n\n\n<h2 class=\"wp-block-heading has-theme-palette-9-color has-text-color has-link-color wp-elements-3eaf3b134df35a4047bdf37c6b8a7ecb\" style=\"font-size:30px\">6. Vos droits RGPD<\/h2>\n\n\n\n<p class=\"has-theme-palette-9-color has-text-color has-link-color wp-elements-6c708f7b26335bbc3fca5d2dc03823ab\" style=\"font-size:24px\">Conform\u00e9ment au R\u00e8glement G\u00e9n\u00e9ral sur la Protection des Donn\u00e9es, vous disposez des droits suivants :<\/p>\n\n\n\n<ul class=\"wp-block-list\">\n<li class=\"has-theme-palette-9-color has-text-color has-link-color wp-elements-80e4a8c9e165f57eb7168bfd805d7f66\" style=\"font-size:24px\">Acc\u00e8s, rectification, suppression.<\/li>\n\n\n\n<li class=\"has-theme-palette-9-color has-text-color has-link-color wp-elements-171725a99c91487040d70ab53de5c828\" style=\"font-size:24px\">Limitation ou opposition au traitement.<\/li>\n\n\n\n<li class=\"has-theme-palette-9-color has-text-color has-link-color wp-elements-6cb0a555e4c18590b5b4e59b31ec9f69\" style=\"font-size:24px\">Portabilit\u00e9 de vos donn\u00e9es.<\/li>\n<\/ul>\n\n\n\n<p class=\"has-theme-palette-9-color has-text-color has-link-color wp-elements-3b374ead1995e2ba90fb7fc874b4ea2f\" style=\"font-size:24px\">Pour exercer vos droits, contactez : <strong><a>contact@jeff-framarin.com<\/a><\/strong><\/p>\n\n\n\n<p class=\"has-theme-palette-9-color has-text-color has-link-color wp-elements-2777eae82a22a635c7ecb63f220a7ec7\" style=\"font-size:24px\">Vous pouvez \u00e9galement introduire une r\u00e9clamation aupr\u00e8s de la CNIL (<a>www.cnil.fr<\/a>).<\/p>\n\n\n\n<h2 class=\"wp-block-heading has-theme-palette-9-color has-text-color has-link-color wp-elements-8487974f0dae534a7e5d1fc7a8ffb78b\" style=\"font-size:30px\">7. Cookies<\/h2>\n\n\n\n<p class=\"has-theme-palette-9-color has-text-color has-link-color wp-elements-819cc1f2c68ddd4e76c20ed9c01b02f6\" style=\"font-size:24px\">Lors de votre premi\u00e8re visite, un bandeau d\u2019information s\u2019affiche.<br>Vous pouvez g\u00e9rer vos pr\u00e9f\u00e9rences \u00e0 tout moment via le lien \u00ab G\u00e9rer les cookies \u00bb en bas de page.<\/p>\n\n\n\n<p class=\"has-theme-palette-9-color has-text-color has-link-color wp-elements-b5b79cea02631f8907773cd9569d3957\" style=\"font-size:24px\">Les cookies utilis\u00e9s servent uniquement \u00e0 :<\/p>\n\n\n\n<ul class=\"wp-block-list\">\n<li class=\"has-theme-palette-9-color has-text-color has-link-color wp-elements-e4e6fc771316c8eec2f6c7df03cbf3b0\" style=\"font-size:24px\">Mesurer l\u2019audience du site (Google Analytics ou \u00e9quivalent).<\/li>\n\n\n\n<li class=\"has-theme-palette-9-color has-text-color has-link-color wp-elements-14b628427c99e675428ddc9e34ca6c2b\" style=\"font-size:24px\">Am\u00e9liorer l\u2019exp\u00e9rience utilisateur.<\/li>\n<\/ul>\n\n\n\n<h2 class=\"wp-block-heading has-theme-palette-9-color has-text-color has-link-color wp-elements-6bacce20c2ea6db7483d12df851a66b1\" style=\"font-size:30px\">8. S\u00e9curit\u00e9<\/h2>\n\n\n\n<p class=\"has-theme-palette-9-color has-text-color has-link-color wp-elements-cfb0e8c67088059702c0f533aabbfd20\" style=\"font-size:24px\">Vos donn\u00e9es sont prot\u00e9g\u00e9es par des mesures techniques et organisationnelles (h\u00e9bergement s\u00e9curis\u00e9, acc\u00e8s limit\u00e9, protocoles SSL).<\/p>\n\n\n\n<h2 class=\"wp-block-heading has-theme-palette-9-color has-text-color has-link-color wp-elements-220adbc20a81d8dbfe1e1879541d8943\" style=\"font-size:30px\">9. Sous-traitants<\/h2>\n\n\n\n<p class=\"has-theme-palette-9-color has-text-color has-link-color wp-elements-0d7594fe4e8334389570ea459e3762dd\" style=\"font-size:24px\">L\u2019h\u00e9bergement est assur\u00e9 par :<br>OVH \u2014 2 rue kellermann 59100 roubaix <\/p>\n\n\n\n<p class=\"has-theme-palette-9-color has-text-color has-link-color wp-elements-ce05ec12dcef6091f211a04c317c97bc\" style=\"font-size:24px\">Des outils tiers peuvent \u00eatre utilis\u00e9s (Google Analytics, Mailchimp, etc.) dans le respect de leur conformit\u00e9 RGPD.<\/p>\n\n\n\n<h2 class=\"wp-block-heading has-theme-palette-9-color has-text-color has-link-color wp-elements-85053f052d4451162e4af831ecc2350c\" style=\"font-size:30px\">10. Mise \u00e0 jour<\/h2>\n\n\n\n<p class=\"has-theme-palette-9-color has-text-color has-link-color wp-elements-da8aa76e52405d386f4696a9eb025a7b\" style=\"font-size:24px\">La pr\u00e9sente politique de confidentialit\u00e9 peut \u00eatre modifi\u00e9e pour rester conforme aux \u00e9volutions l\u00e9gales ou techniques.<br>Derni\u00e8re mise \u00e0 jour : 23\/10\/2025<\/p>\n\n\n\n<p><\/p>\n","protected":false},"excerpt":{"rendered":"<p>La protection de vos donn\u00e9es personnelles est essentielle.En tant que copywriter expert SEO freelance, je m\u2019engage \u00e0 ce que les informations que vous me confiez soient utilis\u00e9es avec transparence et respect. 1. Responsable du traitement Le responsable du traitement des donn\u00e9es est :Jeff \u2014 Copywriter Expert SEOSASU au capital de 1000 \u20acSi\u00e8ge social : 138&#8230;<\/p>\n","protected":false},"author":1,"featured_media":781,"parent":0,"menu_order":0,"comment_status":"closed","ping_status":"closed","template":"","meta":{"_kad_post_transparent":"","_kad_post_title":"","_kad_post_layout":"","_kad_post_sidebar_id":"","_kad_post_content_style":"","_kad_post_vertical_padding":"","_kad_post_feature":"","_kad_post_feature_position":"","_kad_post_header":false,"_kad_post_footer":false,"footnotes":""},"class_list":["post-48","page","type-page","status-publish","has-post-thumbnail","hentry"],"_links":{"self":[{"href":"https:\/\/jeff-framarin.fr\/index.php\/wp-json\/wp\/v2\/pages\/48","targetHints":{"allow":["GET"]}}],"collection":[{"href":"https:\/\/jeff-framarin.fr\/index.php\/wp-json\/wp\/v2\/pages"}],"about":[{"href":"https:\/\/jeff-framarin.fr\/index.php\/wp-json\/wp\/v2\/types\/page"}],"author":[{"embeddable":true,"href":"https:\/\/jeff-framarin.fr\/index.php\/wp-json\/wp\/v2\/users\/1"}],"replies":[{"embeddable":true,"href":"https:\/\/jeff-framarin.fr\/index.php\/wp-json\/wp\/v2\/comments?post=48"}],"version-history":[{"count":4,"href":"https:\/\/jeff-framarin.fr\/index.php\/wp-json\/wp\/v2\/pages\/48\/revisions"}],"predecessor-version":[{"id":832,"href":"https:\/\/jeff-framarin.fr\/index.php\/wp-json\/wp\/v2\/pages\/48\/revisions\/832"}],"wp:featuredmedia":[{"embeddable":true,"href":"https:\/\/jeff-framarin.fr\/index.php\/wp-json\/wp\/v2\/media\/781"}],"wp:attachment":[{"href":"https:\/\/jeff-framarin.fr\/index.php\/wp-json\/wp\/v2\/media?parent=48"}],"curies":[{"name":"wp","href":"https:\/\/api.w.org\/{rel}","templated":true}]}}