{"id":7,"date":"2025-10-12T19:52:29","date_gmt":"2025-10-12T19:52:29","guid":{"rendered":"http:\/\/jeff-framarin.fr\/?page_id=7"},"modified":"2025-10-21T15:02:29","modified_gmt":"2025-10-21T15:02:29","slug":"accueil","status":"publish","type":"page","link":"https:\/\/jeff-framarin.fr\/","title":{"rendered":"Accueil"},"content":{"rendered":"\n<figure class=\"wp-block-image size-large\"><img loading=\"lazy\" decoding=\"async\" width=\"1024\" height=\"512\" src=\"https:\/\/jeff-framarin.fr\/wp-content\/uploads\/2025\/10\/site-top-1024x512.jpg\" alt=\"\" class=\"wp-image-756\" srcset=\"https:\/\/jeff-framarin.fr\/wp-content\/uploads\/2025\/10\/site-top-1024x512.jpg 1024w, https:\/\/jeff-framarin.fr\/wp-content\/uploads\/2025\/10\/site-top-300x150.jpg 300w, https:\/\/jeff-framarin.fr\/wp-content\/uploads\/2025\/10\/site-top-768x384.jpg 768w, https:\/\/jeff-framarin.fr\/wp-content\/uploads\/2025\/10\/site-top-1536x768.jpg 1536w, https:\/\/jeff-framarin.fr\/wp-content\/uploads\/2025\/10\/site-top.jpg 1920w\" sizes=\"auto, (max-width: 1024px) 100vw, 1024px\" \/><\/figure>\n\n\n\n<p class=\"has-text-align-center has-text-color has-link-color has-large-font-size wp-elements-2155df2301b9799ff2f6a808e6723b7d\" style=\"color:#f8dd7b\"><em><strong>Mon m\u00e9tier ?<\/strong> <strong>Faire grandir le v\u00f4tre <\/strong><\/em><\/p>\n\n\n\n<p class=\"has-text-align-center has-text-color has-link-color has-large-font-size wp-elements-01d591d3c9704f9d38a8708a7256e845\" style=\"color:#f8dd7b\"><strong><em>avec des mots qui d\u00e9clenchent l\u2019action<\/em> <\/strong><\/p>\n\n\n\n<p class=\"has-text-align-center has-text-color has-link-color wp-elements-03cf71d0553e55602f96bb43747367b5\" style=\"color:#f8dd7b;font-size:30px\"><strong><em>et des sites \u00e0 la hauteur de vos ambitions.<\/em><\/strong><\/p>\n\n\n<div class=\"wp-block-image\">\n<figure class=\"aligncenter size-large is-resized\"><img loading=\"lazy\" decoding=\"async\" width=\"1024\" height=\"683\" src=\"https:\/\/jeff-framarin.fr\/wp-content\/uploads\/2025\/09\/ChatGPT-Image-28-sept.-2025-22_28_29-2-1024x683.png\" alt=\"\" class=\"wp-image-203\" style=\"width:724px;height:auto\" srcset=\"https:\/\/jeff-framarin.fr\/wp-content\/uploads\/2025\/09\/ChatGPT-Image-28-sept.-2025-22_28_29-2-1024x683.png 1024w, https:\/\/jeff-framarin.fr\/wp-content\/uploads\/2025\/09\/ChatGPT-Image-28-sept.-2025-22_28_29-2-300x200.png 300w, https:\/\/jeff-framarin.fr\/wp-content\/uploads\/2025\/09\/ChatGPT-Image-28-sept.-2025-22_28_29-2-768x512.png 768w, https:\/\/jeff-framarin.fr\/wp-content\/uploads\/2025\/09\/ChatGPT-Image-28-sept.-2025-22_28_29-2.png 1536w\" sizes=\"auto, (max-width: 1024px) 100vw, 1024px\" \/><\/figure>\n<\/div>\n\n\n<h2 class=\"wp-block-heading has-text-color has-link-color wp-elements-81ebf1ad5efa680e4c643d712dd30be8\" style=\"color:#f8dd7b;font-size:30px\">Mon m\u00e9tier est de faire grandir le v\u00f4tre<\/h2>\n\n\n\n<p class=\"has-theme-palette-9-color has-text-color has-link-color wp-elements-109212b6690c0ed6306d2e60947ef5b3\" style=\"font-size:24px\">Avec des mots visibles sur Google, des sites premium qui inspirent confiance et des automatisations qui transforment le temps gagn\u00e9 en chiffre d\u2019affaires.<\/p>\n\n\n\n<p class=\"has-theme-palette-9-color has-text-color has-link-color wp-elements-ba58afd72296cb9fa2cdf644e69abc62\" style=\"font-size:24px\"><em>(En moyenne, mes clients constatent +42 % de trafic organique en 3 mois et jusqu\u2019\u00e0 3 heures gagn\u00e9es par jour gr\u00e2ce aux s\u00e9quences automatis\u00e9es.)<\/em><\/p>\n\n\n\n<h2 class=\"wp-block-heading has-text-color has-link-color wp-elements-e7c84c1b2028f74c53a5039f316e6c96\" style=\"color:#f8dd7b;font-size:30px\">Depuis vingt ans, j\u2019\u00e9cris, structure et calibre des textes qui donnent envie d\u2019acheter et qui se classent en premi\u00e8re page Google.<\/h2>\n\n\n\n<p class=\"has-theme-palette-9-color has-text-color has-link-color wp-elements-7eb52975e5d70ab5dceb099fe176aa7f\" style=\"font-size:24px\">Plus de 80 % des textes livr\u00e9s atteignent la premi\u00e8re page dans les 6 mois, et certains doublent le taux de conversion en quelques semaines. Mais j\u2019ai constat\u00e9 une \u00e9vidence :<\/p>\n\n\n\n<p class=\"has-text-color has-background has-link-color wp-elements-195bca7e32b5b9d8d7a616640b3321c2\" style=\"color:#f8dd7b;background-color:#1c1b17;font-size:24px\"><strong>\ud83d\udea8 <strong>Sans un site clair et visuellement impactant<\/strong><br>\ud83d\udea8 <strong>Sans automatisations intelligentes pour relancer et convertir<\/strong><br> <strong>M\u00eame les meilleurs mots perdent une partie de leur puissance<\/strong><\/strong><\/p>\n\n\n\n<h2 class=\"wp-block-heading has-text-align-center has-text-color has-link-color wp-elements-3afa2c4dd5df225dc0724efc630e1ecd\" style=\"color:#f8dd7b;font-size:30px\">C\u2019est pour \u00e7a que j\u2019ai cr\u00e9\u00e9 3 approches compl\u00e9mentaires :<\/h2>\n\n\n<div class=\"wp-block-image\">\n<figure class=\"aligncenter size-full is-resized\"><img loading=\"lazy\" decoding=\"async\" width=\"500\" height=\"500\" src=\"https:\/\/jeff-framarin.fr\/wp-content\/uploads\/2025\/09\/5.png\" alt=\"\" class=\"wp-image-170\" style=\"width:526px;height:auto\" srcset=\"https:\/\/jeff-framarin.fr\/wp-content\/uploads\/2025\/09\/5.png 500w, https:\/\/jeff-framarin.fr\/wp-content\/uploads\/2025\/09\/5-300x300.png 300w, https:\/\/jeff-framarin.fr\/wp-content\/uploads\/2025\/09\/5-150x150.png 150w\" sizes=\"auto, (max-width: 500px) 100vw, 500px\" \/><\/figure>\n<\/div>\n\n\n<figure class=\"wp-block-image size-large is-resized\"><img loading=\"lazy\" decoding=\"async\" width=\"1024\" height=\"683\" src=\"https:\/\/jeff-framarin.fr\/wp-content\/uploads\/2025\/09\/ChatGPT-Image-28-sept.-2025-12_01_51-1024x683.png\" alt=\"\" class=\"wp-image-162\" style=\"width:1290px;height:auto\" srcset=\"https:\/\/jeff-framarin.fr\/wp-content\/uploads\/2025\/09\/ChatGPT-Image-28-sept.-2025-12_01_51-1024x683.png 1024w, https:\/\/jeff-framarin.fr\/wp-content\/uploads\/2025\/09\/ChatGPT-Image-28-sept.-2025-12_01_51-300x200.png 300w, https:\/\/jeff-framarin.fr\/wp-content\/uploads\/2025\/09\/ChatGPT-Image-28-sept.-2025-12_01_51-768x512.png 768w, https:\/\/jeff-framarin.fr\/wp-content\/uploads\/2025\/09\/ChatGPT-Image-28-sept.-2025-12_01_51.png 1536w\" sizes=\"auto, (max-width: 1024px) 100vw, 1024px\" \/><\/figure>\n\n\n<div class=\"wp-block-image\">\n<figure class=\"aligncenter size-full is-resized\"><img loading=\"lazy\" decoding=\"async\" width=\"819\" height=\"263\" src=\"https:\/\/jeff-framarin.fr\/wp-content\/uploads\/2025\/10\/Design-sans-titre-95.png\" alt=\"\" class=\"wp-image-721\" style=\"width:1074px;height:auto\" srcset=\"https:\/\/jeff-framarin.fr\/wp-content\/uploads\/2025\/10\/Design-sans-titre-95.png 819w, https:\/\/jeff-framarin.fr\/wp-content\/uploads\/2025\/10\/Design-sans-titre-95-300x96.png 300w, https:\/\/jeff-framarin.fr\/wp-content\/uploads\/2025\/10\/Design-sans-titre-95-768x247.png 768w\" sizes=\"auto, (max-width: 819px) 100vw, 819px\" \/><\/figure>\n<\/div>\n\n\n<h2 class=\"wp-block-heading has-text-align-center has-text-color has-link-color wp-elements-b33dd849af552465c0e83f0c837779d0\" style=\"color:#f8dd7b\">3 packs = 1 objectif = vos r\u00e9sultats<\/h2>\n\n\n<div class=\"wp-block-image is-style-rounded\">\n<figure class=\"aligncenter size-large is-resized\"><img loading=\"lazy\" decoding=\"async\" width=\"1024\" height=\"683\" src=\"https:\/\/jeff-framarin.fr\/wp-content\/uploads\/2025\/09\/ChatGPT-Image-28-sept.-2025-20_34_45-1024x683.png\" alt=\"\" class=\"wp-image-182\" style=\"width:673px;height:auto\" srcset=\"https:\/\/jeff-framarin.fr\/wp-content\/uploads\/2025\/09\/ChatGPT-Image-28-sept.-2025-20_34_45-1024x683.png 1024w, https:\/\/jeff-framarin.fr\/wp-content\/uploads\/2025\/09\/ChatGPT-Image-28-sept.-2025-20_34_45-300x200.png 300w, https:\/\/jeff-framarin.fr\/wp-content\/uploads\/2025\/09\/ChatGPT-Image-28-sept.-2025-20_34_45-768x512.png 768w, https:\/\/jeff-framarin.fr\/wp-content\/uploads\/2025\/09\/ChatGPT-Image-28-sept.-2025-20_34_45.png 1536w\" sizes=\"auto, (max-width: 1024px) 100vw, 1024px\" \/><\/figure>\n<\/div>\n\n\n<h3 class=\"wp-block-heading has-text-color has-link-color wp-elements-7bd8341abf832687b50e23225385902d\" style=\"color:#f8dd7b;font-size:28px\">ARC \u2014 Texte \u00e0 impact<\/h3>\n\n\n\n<p class=\"has-theme-palette-9-color has-text-color has-link-color wp-elements-d7cdf10f5bdc5a22041c75430c18cc62\" style=\"font-size:24px\">J\u2019entre, j\u2019observe, je resserre.<br>Vous repartez avec un texte qui vend et une liste d\u2019actions pour l\u2019utiliser sur votre site, vos pages cl\u00e9s, vos emails et vos r\u00e9seaux.<\/p>\n\n\n\n<h3 class=\"wp-block-heading has-text-color has-link-color wp-elements-d9fb1e52fc9b22e985ccc50c437c877b\" style=\"color:#f8dd7b;font-size:28px\">ARCA \u2014 L\u2019assurance du r\u00e9sultat <\/h3>\n\n\n\n<p class=\"has-theme-palette-9-color has-text-color has-link-color wp-elements-4f09168a08d8431171828f4b1b4e8f91\" style=\"font-size:24px\">ARC + un bilan inclus \u00e0 six mois.<br>Je v\u00e9rifie, j\u2019ajuste, je garde votre avance.<br>Vos pages remontent mieux, vos clients vous trouvent plus vite \u2014 car le SEO est int\u00e9gr\u00e9 et calibr\u00e9.<\/p>\n\n\n\n<h3 class=\"wp-block-heading has-text-color has-link-color wp-elements-a073231b5648d5b6a62b4b94260cec5f\" style=\"color:#f8dd7b;font-size:28px\"><strong>JeGo \u2014 Le pack complet<\/strong> <\/h3>\n\n\n\n<p class=\"has-theme-palette-9-color has-text-color has-link-color wp-elements-cdb6ad7c76bc0ded59001241d8026d7d\" style=\"font-size:25px\">Le site \u00e0 la hauteur de vos mots : cr\u00e9ation de site premium, textes calibr\u00e9s 100 % vente et SEO, structure, images, mise en ligne et automatisations de mails de prospection.<\/p>\n\n\n\n<p class=\"has-theme-palette-9-color has-text-color has-link-color wp-elements-7387ace1066bf885abcb1af3156d7b74\" style=\"font-size:25px\">Chaque \u00e9l\u00e9ment peut \u00eatre vendu s\u00e9par\u00e9ment.<br>\u2014 Mais r\u00e9uni dans JeGo, c\u2019est une solution cl\u00e9 en main pour gagner du temps, capter plus de clients et augmenter vos ventes.<\/p>\n\n\n<div class=\"wp-block-image\">\n<figure class=\"alignright size-large\"><img loading=\"lazy\" decoding=\"async\" width=\"1024\" height=\"256\" src=\"https:\/\/jeff-framarin.fr\/wp-content\/uploads\/2025\/09\/Lassurance-du-resultat-2000-x-500-px-7-1024x256.png\" alt=\"\" class=\"wp-image-195\" srcset=\"https:\/\/jeff-framarin.fr\/wp-content\/uploads\/2025\/09\/Lassurance-du-resultat-2000-x-500-px-7-1024x256.png 1024w, https:\/\/jeff-framarin.fr\/wp-content\/uploads\/2025\/09\/Lassurance-du-resultat-2000-x-500-px-7-300x75.png 300w, https:\/\/jeff-framarin.fr\/wp-content\/uploads\/2025\/09\/Lassurance-du-resultat-2000-x-500-px-7-768x192.png 768w, https:\/\/jeff-framarin.fr\/wp-content\/uploads\/2025\/09\/Lassurance-du-resultat-2000-x-500-px-7-1536x384.png 1536w, https:\/\/jeff-framarin.fr\/wp-content\/uploads\/2025\/09\/Lassurance-du-resultat-2000-x-500-px-7.png 2000w\" sizes=\"auto, (max-width: 1024px) 100vw, 1024px\" \/><\/figure>\n<\/div>\n\n\n<p class=\"has-theme-palette-8-color has-text-color has-link-color wp-elements-7c188cc82d236aca013073b5a8cb2982\" style=\"font-size:25px\"><em>(Certains de mes clients constatent +60 % de visibilit\u00e9 et une augmentation moyenne de 28 % de leur chiffre d\u2019affaires dans les 6 mois.<\/em><\/p>\n\n\n\n<h6 class=\"wp-block-heading has-text-color has-link-color wp-elements-0f90ea2ff3a920a96f2f59a7583e0efe\" style=\"color:#f8dd7b;font-size:28px\">Sur devis uniquement<\/h6>\n\n\n\n<p class=\"has-theme-palette-8-color has-text-color has-link-color wp-elements-89c981898eacc242d40977475095f294\" style=\"font-size:25px\">Chaque projet est unique \u2014 comme vos objectifs.<\/p>\n\n\n<style>.kadence-form-7_d0664d-b2 .kb-form .kadence-blocks-form-field label .required{color:var(--global-palette9, #ffffff);}.kadence-form-7_d0664d-b2 .kb-form .kadence-blocks-form-field .kb-text-style-field, .kadence-form-7_d0664d-b2 .kb-form .kadence-blocks-form-field .kb-select-style-field{color:var(--global-palette9, #ffffff);background:var(--global-palette9, #ffffff);border-color:var(--global-palette9, #ffffff);}.kadence-form-7_d0664d-b2 .kb-form .kadence-blocks-form-field > label{color:var(--global-palette9, #ffffff);}.kadence-form-7_d0664d-b2 .kb-form .kadence-blocks-form-field .kb-forms-submit{color:#00040a;background:#f8dd7b;}.kb-form input.kadence-blocks-field.verify{opacity:0.0;position:absolute;top:0.0;left:0.0;width:0.0;height:0.0;z-index:-1;}<\/style>\n<div class=\"wp-block-kadence-form kadence-form-7_d0664d-b2 kb-form-wrap\"><form class=\"kb-form\" action=\"\" method=\"post\"><div class=\"kadence-blocks-form-field kb-field-desk-width-100 kb-input-size-standard\"><label for=\"kb_field_7_d0664d-b2_0\">Name<\/label><input name=\"kb_field_0\" id=\"kb_field_7_d0664d-b2_0\" data-label=\"Name\" type=\"text\" placeholder=\"\" value=\"\" data-type=\"text\" class=\"kb-field kb-text-style-field kb-text-field kb-field-0\"\/><\/div><div class=\"kadence-blocks-form-field kb-form-field-1 kb-field-desk-width-100 kb-input-size-standard\"><label for=\"kb_field_7_d0664d-b2_1\">Email<span class=\"required\">*<\/span><\/label><input name=\"kb_field_1\" id=\"kb_field_7_d0664d-b2_1\" data-label=\"Email\" type=\"email\" placeholder=\"\" value=\"\" data-type=\"email\" class=\"kb-field kb-text-style-field kb-email-field kb-field-1\" data-required=\"yes\"\/><\/div><div class=\"kadence-blocks-form-field kb-form-field-2 kb-field-desk-width-100 kb-input-size-standard\"><label for=\"kb_field_7_d0664d-b2_2\">Message<span class=\"required\">*<\/span><\/label><textarea name=\"kb_field_2\" id=\"kb_field_7_d0664d-b2_2\" data-label=\"Message\" type=\"textarea\" placeholder=\"\" data-type=\"textarea\" class=\"kb-field kb-text-style-field kb-textarea-field kb-field-2\" rows=\"4\" data-required=\"yes\"><\/textarea><\/div><input type=\"hidden\" name=\"_kb_form_id\" value=\"7_d0664d-b2\"\/><input type=\"hidden\" name=\"_kb_form_post_id\" value=\"7\"\/><input type=\"hidden\" name=\"action\" value=\"kb_process_ajax_submit\"\/><label class=\"kadence-verify-label\">Email<input class=\"kadence-blocks-field verify\" type=\"text\" name=\"_kb_verify_email\" autocomplete=\"new-password\" aria-hidden=\"true\" placeholder=\"Email\" tabindex=\"-1\" data-1p-ignore=\"true\" data-lpignore=\"true\" \/><\/label><div class=\"kadence-blocks-form-field kb-submit-field kb-field-desk-width-100\"><button class=\"kb-forms-submit button kb-button-size-standard kb-button-width-auto\">Submit<\/button><\/div><\/form><\/div>\n<noscript><div class=\"kadence-blocks-form-message kadence-blocks-form-warning\">Veuillez activer JavaScript dans votre navigateur pour envoyer le formulaire.<\/div><style>.kadence-form-7_d0664d-b2 .kadence-blocks-form-field.kb-submit-field { display: none; }<\/style><\/noscript>\n\n\n<p class=\"has-theme-palette-9-color has-text-color has-link-color wp-elements-50aa6ea06e0bfb9584b33bc9dd7ba70c\"><\/p>\n\n\n\n<p><\/p>\n","protected":false},"excerpt":{"rendered":"<p>Mon m\u00e9tier ? Faire grandir le v\u00f4tre avec des mots qui d\u00e9clenchent l\u2019action et des sites \u00e0 la hauteur de vos ambitions. Mon m\u00e9tier est de faire grandir le v\u00f4tre Avec des mots visibles sur Google, des sites premium qui inspirent confiance et des automatisations qui transforment le temps gagn\u00e9 en chiffre d\u2019affaires. (En moyenne,&#8230;<\/p>\n","protected":false},"author":1,"featured_media":0,"parent":0,"menu_order":0,"comment_status":"closed","ping_status":"closed","template":"","meta":{"_kad_post_transparent":"","_kad_post_title":"","_kad_post_layout":"","_kad_post_sidebar_id":"","_kad_post_content_style":"","_kad_post_vertical_padding":"","_kad_post_feature":"","_kad_post_feature_position":"","_kad_post_header":false,"_kad_post_footer":false,"footnotes":""},"class_list":["post-7","page","type-page","status-publish","hentry"],"_links":{"self":[{"href":"https:\/\/jeff-framarin.fr\/index.php\/wp-json\/wp\/v2\/pages\/7","targetHints":{"allow":["GET"]}}],"collection":[{"href":"https:\/\/jeff-framarin.fr\/index.php\/wp-json\/wp\/v2\/pages"}],"about":[{"href":"https:\/\/jeff-framarin.fr\/index.php\/wp-json\/wp\/v2\/types\/page"}],"author":[{"embeddable":true,"href":"https:\/\/jeff-framarin.fr\/index.php\/wp-json\/wp\/v2\/users\/1"}],"replies":[{"embeddable":true,"href":"https:\/\/jeff-framarin.fr\/index.php\/wp-json\/wp\/v2\/comments?post=7"}],"version-history":[{"count":57,"href":"https:\/\/jeff-framarin.fr\/index.php\/wp-json\/wp\/v2\/pages\/7\/revisions"}],"predecessor-version":[{"id":757,"href":"https:\/\/jeff-framarin.fr\/index.php\/wp-json\/wp\/v2\/pages\/7\/revisions\/757"}],"wp:attachment":[{"href":"https:\/\/jeff-framarin.fr\/index.php\/wp-json\/wp\/v2\/media?parent=7"}],"curies":[{"name":"wp","href":"https:\/\/api.w.org\/{rel}","templated":true}]}}