{"id":9,"date":"2025-10-15T21:17:47","date_gmt":"2025-10-15T21:17:47","guid":{"rendered":"http:\/\/jeff-framarin.fr\/?page_id=9"},"modified":"2025-10-21T15:03:10","modified_gmt":"2025-10-21T15:03:10","slug":"a-propos","status":"publish","type":"page","link":"https:\/\/jeff-framarin.fr\/index.php\/a-propos\/","title":{"rendered":"A propos"},"content":{"rendered":"\n<figure class=\"wp-block-image size-large\"><img loading=\"lazy\" decoding=\"async\" width=\"1024\" height=\"512\" src=\"https:\/\/jeff-framarin.fr\/wp-content\/uploads\/2025\/10\/site-top-1-1024x512.jpg\" alt=\"\" class=\"wp-image-758\" srcset=\"https:\/\/jeff-framarin.fr\/wp-content\/uploads\/2025\/10\/site-top-1-1024x512.jpg 1024w, https:\/\/jeff-framarin.fr\/wp-content\/uploads\/2025\/10\/site-top-1-300x150.jpg 300w, https:\/\/jeff-framarin.fr\/wp-content\/uploads\/2025\/10\/site-top-1-768x384.jpg 768w, https:\/\/jeff-framarin.fr\/wp-content\/uploads\/2025\/10\/site-top-1-1536x768.jpg 1536w, https:\/\/jeff-framarin.fr\/wp-content\/uploads\/2025\/10\/site-top-1.jpg 1920w\" sizes=\"auto, (max-width: 1024px) 100vw, 1024px\" \/><\/figure>\n\n\n\n<h2 class=\"wp-block-heading has-text-align-center has-text-color has-link-color wp-elements-1ae8663694b12553e8c03a1a6b8c1493\" style=\"color:#f8dd7b;font-size:30px\">Mon m\u00e9tier est de faire grandir le v\u00f4tre<\/h2>\n\n\n\n<p class=\"has-text-align-center\"><\/p>\n\n\n\n<p><\/p>\n\n\n\n<p class=\"has-text-align-left has-theme-palette-9-color has-text-color has-link-color wp-elements-950135194fe32dbe2ff3e3af0403d07c\" style=\"font-size:25px\"><strong>Des mots visibles sur Google.<\/strong><br><strong>Des pages qui donnent envie d\u2019acheter.<\/strong><\/p>\n\n\n\n<p class=\"has-text-align-left has-theme-palette-9-color has-text-color has-link-color wp-elements-eee566b3a5c274d5a2f35b589577e80f\" style=\"font-size:25px\"><strong>Des sites premium qui inspirent confiance.<\/strong><br><strong>Et des automatisations qui transforment le temps gagn\u00e9 en chiffre d\u2019affaires.<\/strong><\/p>\n\n\n<div class=\"wp-block-image\">\n<figure class=\"alignleft size-full is-resized\"><img loading=\"lazy\" decoding=\"async\" width=\"200\" height=\"236\" src=\"https:\/\/jeff-framarin.fr\/wp-content\/uploads\/2025\/10\/Ce-qui-fait-la-difference-ma-methode-PRES-307-29.png\" alt=\"\" class=\"wp-image-376\" style=\"width:422px;height:auto\"\/><\/figure>\n<\/div>\n\n\n<p><\/p>\n\n\n\n<p><\/p>\n\n\n\n<h2 class=\"wp-block-heading has-text-align-center has-text-color has-link-color wp-elements-6c0ee79280f30b09dd51ee002dab5783\" style=\"color:#f8dd7b;font-size:30px\">20 ans de terrain, une certitude<\/h2>\n\n\n\n<p><\/p>\n\n\n\n<p class=\"has-theme-palette-9-color has-text-color has-link-color wp-elements-b6322c9cd545dadc897e74cdaedaa340\" style=\"font-size:25px\">Depuis 2005, j\u2019\u00e9cris, teste et affine des milliers de messages :<\/p>\n\n\n\n<ul class=\"wp-block-list\">\n<li class=\"has-theme-palette-9-color has-text-color has-link-color wp-elements-f2448fa689a808e18c71409ddf4df3f5\" style=\"font-size:25px\"><em>Emails de prospection<\/em><\/li>\n\n\n\n<li class=\"has-theme-palette-9-color has-text-color has-link-color wp-elements-2796ce34bcdf7794f44fc7af9709e6ce\" style=\"font-size:25px\"><em>Argumentaires<\/em><\/li>\n\n\n\n<li class=\"has-theme-palette-9-color has-text-color has-link-color wp-elements-7b3e14420751875d71e62818371bbedc\" style=\"font-size:25px\"><em>Pages de vente<\/em><\/li>\n\n\n\n<li class=\"has-theme-palette-9-color has-text-color has-link-color wp-elements-7b7639bece58fd233030fa49fdb4fd5b\" style=\"font-size:25px\"><em>Contenus digitaux<\/em><\/li>\n<\/ul>\n\n\n\n<p><\/p>\n\n\n\n<p class=\"has-theme-palette-9-color has-text-color has-link-color wp-elements-3b53623edf6196fe7dac27f08451ac16\" style=\"font-size:25px\">Vingt ans d\u2019exp\u00e9rience m\u2019ont appris une chose : <\/p>\n\n\n\n<p class=\"has-text-color has-link-color wp-elements-5d7a0d8e5d21217f277e89433b2c9328\" style=\"color:#f8dd7b;font-size:25px\"><strong>Certains mots d\u00e9clenchent, d\u2019autres s\u2019\u00e9teignent.<\/strong><\/p>\n\n\n\n<p class=\"has-theme-palette-9-color has-text-color has-link-color wp-elements-3b3ee427275058caeda60c874f1ce108\" style=\"font-size:25px\"><br>Mon m\u00e9tier consiste \u00e0 trouver les mots qui d\u00e9clenchent une r\u00e9action et \u00e0 les placer au bon endroit pour capter l\u2019attention, cr\u00e9er l\u2019\u00e9motion et provoquer l\u2019action.<\/p>\n\n\n\n<p class=\"has-theme-palette-9-color has-text-color has-link-color wp-elements-c4d6eb734abaf59e61526d498e6a64dc\" style=\"font-size:25px\"><\/p>\n\n\n\n<div class=\"wp-block-cover alignfull\" style=\"padding-top:4vw;padding-right:4vw;padding-bottom:4vw;padding-left:4vw;min-height:66vh;aspect-ratio:unset;\"><img loading=\"lazy\" decoding=\"async\" width=\"1024\" height=\"683\" class=\"wp-block-cover__image-background wp-image-229 size-large\" alt=\"\" src=\"https:\/\/jeff-framarin.fr\/wp-content\/uploads\/2025\/09\/ChatGPT-Image-29-sept.-2025-23_42_36-1024x683.png\" data-object-fit=\"cover\" srcset=\"https:\/\/jeff-framarin.fr\/wp-content\/uploads\/2025\/09\/ChatGPT-Image-29-sept.-2025-23_42_36-1024x683.png 1024w, https:\/\/jeff-framarin.fr\/wp-content\/uploads\/2025\/09\/ChatGPT-Image-29-sept.-2025-23_42_36-300x200.png 300w, https:\/\/jeff-framarin.fr\/wp-content\/uploads\/2025\/09\/ChatGPT-Image-29-sept.-2025-23_42_36-768x512.png 768w, https:\/\/jeff-framarin.fr\/wp-content\/uploads\/2025\/09\/ChatGPT-Image-29-sept.-2025-23_42_36.png 1536w\" sizes=\"auto, (max-width: 1024px) 100vw, 1024px\" \/><span aria-hidden=\"true\" class=\"wp-block-cover__background has-black-background-color has-background-dim\"><\/span><div class=\"wp-block-cover__inner-container is-layout-flow wp-block-cover-is-layout-flow\">\n<p class=\"has-text-align-center has-text-color has-background has-link-color wp-elements-fdb6b1e1e83df524930aac6582cef170\" style=\"color:#f8dd7b;background-color:#040404;font-size:28px\"><strong>Mon m\u00e9tier consiste \u00e0 trouver les mots qui d\u00e9clenchent une r\u00e9action et \u00e0 les placer au bon endroit pour capter l\u2019attention, cr\u00e9er l\u2019\u00e9motion et provoquer l\u2019action.<\/strong><\/p>\n\n\n\n<div class=\"wp-block-group alignfull is-content-justification-center\" style=\"margin-top:0;margin-bottom:0\"><div class=\"wp-block-group__inner-container is-layout-constrained wp-block-group-is-layout-constrained\">\n<div style=\"height:var(--wp--preset--spacing--20)\" aria-hidden=\"true\" class=\"wp-block-spacer\"><\/div>\n\n\n\n<div class=\"wp-block-group alignwide\"><div class=\"wp-block-group__inner-container is-layout-flow wp-block-group-is-layout-flow\">\n<div style=\"height:var(--wp--preset--spacing--20)\" aria-hidden=\"true\" class=\"wp-block-spacer\"><\/div>\n<\/div><\/div>\n\n\n\n<div style=\"height:var(--wp--preset--spacing--20)\" aria-hidden=\"true\" class=\"wp-block-spacer\"><\/div>\n<\/div><\/div>\n<\/div><\/div>\n\n\n\n<hr class=\"wp-block-separator has-alpha-channel-opacity\"\/>\n\n\n\n<h2 class=\"wp-block-heading has-text-align-center has-text-color has-link-color wp-elements-f69fb58c2c2d7b86348deeaf3b7cc78a\" style=\"color:#f8dd7b;font-size:30px\">Ce qui fait la diff\u00e9rence : <strong>ma m\u00e9thode PRES-307<\/strong><\/h2>\n\n\n\n<p><\/p>\n\n\n<div class=\"wp-block-image\">\n<figure class=\"aligncenter size-large is-resized\"><img loading=\"lazy\" decoding=\"async\" width=\"769\" height=\"1024\" src=\"https:\/\/jeff-framarin.fr\/wp-content\/uploads\/2025\/09\/Black-White-Modern-Light-Focus-Phone-Wallpaper-21-769x1024.png\" alt=\"\" class=\"wp-image-246\" style=\"width:458px;height:auto\" srcset=\"https:\/\/jeff-framarin.fr\/wp-content\/uploads\/2025\/09\/Black-White-Modern-Light-Focus-Phone-Wallpaper-21-769x1024.png 769w, https:\/\/jeff-framarin.fr\/wp-content\/uploads\/2025\/09\/Black-White-Modern-Light-Focus-Phone-Wallpaper-21-225x300.png 225w, https:\/\/jeff-framarin.fr\/wp-content\/uploads\/2025\/09\/Black-White-Modern-Light-Focus-Phone-Wallpaper-21-768x1022.png 768w, https:\/\/jeff-framarin.fr\/wp-content\/uploads\/2025\/09\/Black-White-Modern-Light-Focus-Phone-Wallpaper-21.png 1033w\" sizes=\"auto, (max-width: 769px) 100vw, 769px\" \/><\/figure>\n<\/div>\n\n\n<p><\/p>\n\n\n\n<p class=\"has-text-align-left has-theme-palette-9-color has-text-color has-link-color wp-elements-1a1a6254fe079cbd121e95f3b24ba4d8\" style=\"font-size:28px\"><strong>Je combine  le sch\u00e9ma :<\/strong>   Probl\u00e8me &#8211; R\u00e9sonance &#8211;  \u00c9vidence &#8211; Solution<\/p>\n\n\n\n<p class=\"has-theme-palette-9-color has-text-color has-link-color wp-elements-5321781f8edd4905817e5b4f1a736975\" style=\"font-size:25px\">  307 micro-actions pr\u00e9cises<\/p>\n\n\n\n<p class=\"has-theme-palette-9-color has-text-color has-link-color wp-elements-7216df34dbcc4574ce70ccca04ed37f2\" style=\"font-size:25px\"> Un ratio 22 % structure \/ 78 % \u00e9motion<\/p>\n\n\n\n<p class=\"has-theme-palette-9-color has-text-color has-link-color wp-elements-9882e1fc401a816e330994899994f29f\" style=\"font-size:25px\"><em><strong>Rien n\u2019est laiss\u00e9 au hasard : chaque mot, chaque respiration de texte est calibr\u00e9 pour capter, \u00e9mouvoir et faire agir.<\/strong><\/em><\/p>\n\n\n\n<p class=\"has-theme-palette-9-color has-text-color has-link-color wp-elements-2bf738fc7d87d7abf4dbb66b52ac67b5\" style=\"font-size:25px\"><em> <\/em><\/p>\n\n\n\n<h2 class=\"wp-block-heading has-text-align-center has-text-color has-link-color wp-elements-0c97fa00f3da5357a8c69ed500f1882b\" style=\"color:#f8dd7b;font-size:30px\">Sp\u00e9cialit\u00e9s (copywriting SEO premium)<\/h2>\n\n\n\n<p><\/p>\n\n\n\n<ul class=\"wp-block-list\">\n<li class=\"has-theme-palette-9-color has-text-color has-link-color wp-elements-472e76365bc914d99a061b45f93b7ec7\" style=\"font-size:25px\"><strong>Pages de vente<\/strong> \u2192 conversions multipli\u00e9es (+45 \u00e0 +80 % selon secteur et audience).<\/li>\n\n\n\n<li class=\"has-theme-palette-9-color has-text-color has-link-color wp-elements-771345f2d3707e2c46ce441ffdd07e57\" style=\"font-size:25px\"><strong>Articles et contenus SEO<\/strong> \u2192 classements durables en 1\u02b3\u1d49 page, trafic qualifi\u00e9 r\u00e9current.<\/li>\n\n\n\n<li class=\"has-theme-palette-9-color has-text-color has-link-color wp-elements-ba6001db7517566889eebf470fa520a6\" style=\"font-size:25px\"><strong>Emails marketing engag\u00e9s<\/strong> \u2192 +55 % d\u2019ouvertures, +30 % de clics r\u00e9els.<\/li>\n\n\n\n<li class=\"has-theme-palette-9-color has-text-color has-link-color wp-elements-7397ca26f3b7afa3fb589ace24ad03da\" style=\"font-size:25px\"><strong>Strat\u00e9gies de contenu sur mesure<\/strong> \u2192 align\u00e9es business, SEO et psychologie d\u2019achat.<\/li>\n<\/ul>\n\n\n\n<h2 class=\"wp-block-heading has-text-align-center has-text-color has-link-color wp-elements-dee3ce11202808fdb3e4aa92d3f33b8c\" style=\"color:#f8dd7b\">JeGo : des sites \u00e0 la hauteur de vos mots  <\/h2>\n\n\n\n<p><\/p>\n\n\n\n<p class=\"has-theme-palette-9-color has-text-color has-link-color wp-elements-5ed95a47d1e8524e75fa5a080db1aa2b\" style=\"font-size:25px\">Au-del\u00e0 du texte, j\u2019ai cr\u00e9\u00e9 <strong>JeGo<\/strong> :<br>Un pack complet qui r\u00e9unit :<\/p>\n\n\n\n<ul class=\"wp-block-list\">\n<li class=\"has-theme-palette-9-color has-text-color has-link-color wp-elements-480c3feb9bbf2d16285812de55b6dd63\" style=\"font-size:25px\"><strong>Audit<\/strong><\/li>\n\n\n\n<li class=\"has-theme-palette-9-color has-text-color has-link-color wp-elements-6f41f925f2e2b8ac99edb15d71a527c9\" style=\"font-size:25px\"><strong>Textes 100 % vente &amp; 100 % SEO<\/strong><\/li>\n\n\n\n<li class=\"has-theme-palette-9-color has-text-color has-link-color wp-elements-ac62f1144798e025818f23f60041d06c\" style=\"font-size:25px\"><strong>Site premium<\/strong> (structure + images, mise en ligne incluse)<\/li>\n\n\n\n<li class=\"has-theme-palette-9-color has-text-color has-link-color wp-elements-708190ec149a1553a8d0d6abe701de06\" style=\"font-size:25px\"><strong>Automatisations intelligentes<\/strong> (s\u00e9quences de prospection et de relance)<\/li>\n\n\n\n<li class=\"has-theme-palette-9-color has-text-color has-link-color wp-elements-0492dede59d5014f937524ee86826af7\" style=\"font-size:25px\"><strong>Audit de suivi \u00e0 6 mois<\/strong><\/li>\n\n\n\n<li><\/li>\n<\/ul>\n\n\n<div class=\"wp-block-image\">\n<figure class=\"alignleft is-resized\"><img loading=\"lazy\" decoding=\"async\" width=\"909\" height=\"1024\" src=\"https:\/\/jeff-framarin.fr\/wp-content\/uploads\/2025\/09\/Black-White-Modern-Light-Focus-Phone-Wallpaper-24-909x1024.png\" alt=\"\" class=\"wp-image-250\" style=\"width:615px;height:auto\" srcset=\"https:\/\/jeff-framarin.fr\/wp-content\/uploads\/2025\/09\/Black-White-Modern-Light-Focus-Phone-Wallpaper-24-909x1024.png 909w, https:\/\/jeff-framarin.fr\/wp-content\/uploads\/2025\/09\/Black-White-Modern-Light-Focus-Phone-Wallpaper-24-266x300.png 266w, https:\/\/jeff-framarin.fr\/wp-content\/uploads\/2025\/09\/Black-White-Modern-Light-Focus-Phone-Wallpaper-24-768x865.png 768w, https:\/\/jeff-framarin.fr\/wp-content\/uploads\/2025\/09\/Black-White-Modern-Light-Focus-Phone-Wallpaper-24.png 947w\" sizes=\"auto, (max-width: 909px) 100vw, 909px\" \/><\/figure>\n<\/div>\n\n\n<p class=\"has-text-align-center has-theme-palette-9-color has-text-color has-link-color wp-elements-3a5e0a30c7281eae25de4a97c7321186\" style=\"font-size:25px\">Chaque brique peut \u00eatre prise \u00e0 l\u2019unit\u00e9 (site, textes, automatisations)\u2026<br>Mais c\u2019est l\u2019ensemble qui cr\u00e9e <strong>l\u2019effet levier.<\/strong><\/p>\n\n\n\n<h2 class=\"wp-block-heading has-text-color has-link-color wp-elements-6f21fe99e01a50295014d836869f4021\" style=\"color:#f8dd7b\">Des r\u00e9sultats mesurables<\/h2>\n\n\n\n<p class=\"has-theme-palette-9-color has-text-color has-link-color wp-elements-00f256a5fe98ee55380e3e68ff2752fd\" style=\"font-size:25px\">Mes clients constatent en moyenne <strong>+49 % de leads qualifi\u00e9s et de chiffre d\u2019affaires.<\/strong><br>Un client me confiait r\u00e9cemment :<\/p>\n\n\n\n<blockquote class=\"wp-block-quote is-layout-flow wp-block-quote-is-layout-flow\">\n<p class=\"has-theme-palette-8-color has-text-color has-link-color wp-elements-25981793bc8fb2d79ba14f44b16d6104\" style=\"font-size:25px\">\u00ab On a vu la diff\u00e9rence d\u00e8s le premier mois. \u00bb<\/p>\n<\/blockquote>\n\n\n\n<h2 class=\"wp-block-heading has-text-color has-link-color wp-elements-8a4f974379e557f673edb76515e6d4f3\" style=\"color:#f8dd7b\">Ma promesse<\/h2>\n\n\n\n<p class=\"has-theme-palette-9-color has-text-color has-link-color wp-elements-3508c0aa54380dd9010722ccf00d0068\" style=\"font-size:25px\">Si, je ne sais par quel miracle, aucun r\u00e9sultat visible <em>(clics, conversions, retours concrets)<\/em> n\u2019appara\u00eet sous 30 jours apr\u00e8s mise en ligne \u2192 <strong>je r\u00e9\u00e9cris gratuitement.<\/strong><\/p>\n\n\n\n<p><\/p>\n\n\n\n<p><\/p>\n\n\n<div class=\"wp-block-image\">\n<figure class=\"alignright size-full is-resized\"><img loading=\"lazy\" decoding=\"async\" width=\"500\" height=\"500\" src=\"https:\/\/jeff-framarin.fr\/wp-content\/uploads\/2025\/10\/Ce-qui-fait-la-difference-ma-methode-PRES-307-28.png\" alt=\"\" class=\"wp-image-373\" style=\"width:660px;height:auto\" srcset=\"https:\/\/jeff-framarin.fr\/wp-content\/uploads\/2025\/10\/Ce-qui-fait-la-difference-ma-methode-PRES-307-28.png 500w, https:\/\/jeff-framarin.fr\/wp-content\/uploads\/2025\/10\/Ce-qui-fait-la-difference-ma-methode-PRES-307-28-300x300.png 300w, https:\/\/jeff-framarin.fr\/wp-content\/uploads\/2025\/10\/Ce-qui-fait-la-difference-ma-methode-PRES-307-28-150x150.png 150w\" sizes=\"auto, (max-width: 500px) 100vw, 500px\" \/><\/figure>\n<\/div>\n\n\n<h2 class=\"wp-block-heading has-text-align-center has-text-color has-link-color wp-elements-f1b3647f9cb7d5357929fa840cdba775\" style=\"color:#f8dd7b;font-size:30px\">Contact<\/h2>\n\n\n\n<p><\/p>\n\n\n\n<p class=\"has-theme-palette-9-color has-text-color has-link-color wp-elements-487ed86244c46f62f758809080ca5a39\" style=\"font-size:25px\">Vous voulez :<\/p>\n\n\n\n<ul class=\"wp-block-list\">\n<li class=\"has-theme-palette-9-color has-text-color has-link-color wp-elements-de4238512c099740ffece05f59772f87\" style=\"font-size:25px\">Des textes qui rapportent vraiment,<\/li>\n\n\n\n<li class=\"has-theme-palette-9-color has-text-color has-link-color wp-elements-5788bf257aa2f1b46b89c9c6235e0963\" style=\"font-size:25px\">Qui se positionnent sur Google,<\/li>\n\n\n\n<li class=\"has-theme-palette-9-color has-text-color has-link-color wp-elements-40276993b8b1c6d7097ede0f28433e2d\" style=\"font-size:25px\">Qui transforment vos lecteurs en clients,<br>\u2014 ou un <strong>site JeGo<\/strong> pr\u00eat \u00e0 performer ?<\/li>\n<\/ul>\n\n\n\n<p style=\"font-size:25px\">\ud83d\udce9 \u00c9crivez-moi : <strong><a>contact@jeff-framarin.com<\/a><\/strong> <\/p>\n\n\n<style>.kadence-form-9_53b6cb-25 .kb-form .kadence-blocks-form-field label .required{color:var(--global-palette9, #ffffff);}.kadence-form-9_53b6cb-25 .kb-form .kadence-blocks-form-field .kb-text-style-field, .kadence-form-9_53b6cb-25 .kb-form .kadence-blocks-form-field .kb-select-style-field{color:var(--global-palette9, #ffffff);}.kadence-form-9_53b6cb-25 .kb-form .kadence-blocks-form-field > label{color:var(--global-palette9, #ffffff);}.kadence-form-9_53b6cb-25 .kb-form .kadence-blocks-form-field .kb-forms-submit{color:#01050e;background:#f8dd7b;}.kb-form input.kadence-blocks-field.verify{opacity:0.0;position:absolute;top:0.0;left:0.0;width:0.0;height:0.0;z-index:-1;}<\/style>\n<div class=\"wp-block-kadence-form kadence-form-9_53b6cb-25 kb-form-wrap\"><form class=\"kb-form\" action=\"\" method=\"post\"><div class=\"kadence-blocks-form-field kb-field-desk-width-100 kb-input-size-standard\"><label for=\"kb_field_9_53b6cb-25_0\">Name<\/label><input name=\"kb_field_0\" id=\"kb_field_9_53b6cb-25_0\" data-label=\"Name\" type=\"text\" placeholder=\"\" value=\"\" data-type=\"text\" class=\"kb-field kb-text-style-field kb-text-field kb-field-0\"\/><\/div><div class=\"kadence-blocks-form-field kb-form-field-1 kb-field-desk-width-100 kb-input-size-standard\"><label for=\"kb_field_9_53b6cb-25_1\">Email<span class=\"required\">*<\/span><\/label><input name=\"kb_field_1\" id=\"kb_field_9_53b6cb-25_1\" data-label=\"Email\" type=\"email\" placeholder=\"\" value=\"\" data-type=\"email\" class=\"kb-field kb-text-style-field kb-email-field kb-field-1\" data-required=\"yes\"\/><\/div><div class=\"kadence-blocks-form-field kb-form-field-2 kb-field-desk-width-100 kb-input-size-standard\"><label for=\"kb_field_9_53b6cb-25_2\">Message<span class=\"required\">*<\/span><\/label><textarea name=\"kb_field_2\" id=\"kb_field_9_53b6cb-25_2\" data-label=\"Message\" type=\"textarea\" placeholder=\"\" data-type=\"textarea\" class=\"kb-field kb-text-style-field kb-textarea-field kb-field-2\" rows=\"4\" data-required=\"yes\"><\/textarea><\/div><input type=\"hidden\" name=\"_kb_form_id\" value=\"9_53b6cb-25\"\/><input type=\"hidden\" name=\"_kb_form_post_id\" value=\"9\"\/><input type=\"hidden\" name=\"action\" value=\"kb_process_ajax_submit\"\/><label class=\"kadence-verify-label\">Email<input class=\"kadence-blocks-field verify\" type=\"text\" name=\"_kb_verify_email\" autocomplete=\"new-password\" aria-hidden=\"true\" placeholder=\"Email\" tabindex=\"-1\" data-1p-ignore=\"true\" data-lpignore=\"true\" \/><\/label><div class=\"kadence-blocks-form-field kb-submit-field kb-field-desk-width-100\"><button class=\"kb-forms-submit button kb-button-size-standard kb-button-width-auto\">Submit<\/button><\/div><\/form><\/div>\n<noscript><div class=\"kadence-blocks-form-message kadence-blocks-form-warning\">Veuillez activer JavaScript dans votre navigateur pour envoyer le formulaire.<\/div><style>.kadence-form-9_53b6cb-25 .kadence-blocks-form-field.kb-submit-field { display: none; }<\/style><\/noscript>\n\n\n<p><\/p>\n","protected":false},"excerpt":{"rendered":"<p>Mon m\u00e9tier est de faire grandir le v\u00f4tre Des mots visibles sur Google.Des pages qui donnent envie d\u2019acheter. Des sites premium qui inspirent confiance.Et des automatisations qui transforment le temps gagn\u00e9 en chiffre d\u2019affaires. 20 ans de terrain, une certitude Depuis 2005, j\u2019\u00e9cris, teste et affine des milliers de messages : Vingt ans d\u2019exp\u00e9rience m\u2019ont&#8230;<\/p>\n","protected":false},"author":1,"featured_media":0,"parent":0,"menu_order":0,"comment_status":"closed","ping_status":"closed","template":"","meta":{"_kad_post_transparent":"","_kad_post_title":"","_kad_post_layout":"","_kad_post_sidebar_id":"","_kad_post_content_style":"","_kad_post_vertical_padding":"","_kad_post_feature":"","_kad_post_feature_position":"","_kad_post_header":false,"_kad_post_footer":false,"footnotes":""},"class_list":["post-9","page","type-page","status-publish","hentry"],"_links":{"self":[{"href":"https:\/\/jeff-framarin.fr\/index.php\/wp-json\/wp\/v2\/pages\/9","targetHints":{"allow":["GET"]}}],"collection":[{"href":"https:\/\/jeff-framarin.fr\/index.php\/wp-json\/wp\/v2\/pages"}],"about":[{"href":"https:\/\/jeff-framarin.fr\/index.php\/wp-json\/wp\/v2\/types\/page"}],"author":[{"embeddable":true,"href":"https:\/\/jeff-framarin.fr\/index.php\/wp-json\/wp\/v2\/users\/1"}],"replies":[{"embeddable":true,"href":"https:\/\/jeff-framarin.fr\/index.php\/wp-json\/wp\/v2\/comments?post=9"}],"version-history":[{"count":24,"href":"https:\/\/jeff-framarin.fr\/index.php\/wp-json\/wp\/v2\/pages\/9\/revisions"}],"predecessor-version":[{"id":759,"href":"https:\/\/jeff-framarin.fr\/index.php\/wp-json\/wp\/v2\/pages\/9\/revisions\/759"}],"wp:attachment":[{"href":"https:\/\/jeff-framarin.fr\/index.php\/wp-json\/wp\/v2\/media?parent=9"}],"curies":[{"name":"wp","href":"https:\/\/api.w.org\/{rel}","templated":true}]}}